{"id":38,"date":"2023-11-04T21:05:43","date_gmt":"2023-11-04T20:05:43","guid":{"rendered":"https:\/\/ivanina-svastaonica.hr\/?page_id=38"},"modified":"2024-10-12T19:44:53","modified_gmt":"2024-10-12T17:44:53","slug":"kontakt","status":"publish","type":"page","link":"https:\/\/ivanina-svastaonica.hr\/en\/kontakt\/","title":{"rendered":"Contact"},"content":{"rendered":"<div data-elementor-type=\"wp-page\" data-elementor-id=\"38\" class=\"elementor elementor-38\">\n\t\t\t\t<div class=\"elementor-element elementor-element-ee532b1 e-flex e-con-boxed e-con e-parent\" data-id=\"ee532b1\" data-element_type=\"container\">\n\t\t\t\t\t<div class=\"e-con-inner\">\n\t\t<div class=\"elementor-element elementor-element-4d9af20 e-con-full e-flex e-con e-child\" data-id=\"4d9af20\" data-element_type=\"container\">\n\t\t\t\t<div class=\"elementor-element elementor-element-cf328b3 elementor-widget elementor-widget-heading\" data-id=\"cf328b3\" data-element_type=\"widget\" data-widget_type=\"heading.default\">\n\t\t\t\t<div class=\"elementor-widget-container\">\n\t\t\t\t\t<h2 class=\"elementor-heading-title elementor-size-default\">\n\n\nGet in touch<\/h2>\t\t\t\t<\/div>\n\t\t\t\t<\/div>\n\t\t\t\t<div class=\"elementor-element elementor-element-9e3cecc elementor-widget__width-initial elementor-widget elementor-widget-image\" data-id=\"9e3cecc\" data-element_type=\"widget\" data-widget_type=\"image.default\">\n\t\t\t\t<div class=\"elementor-widget-container\">\n\t\t\t\t\t\t\t\t\t\t\t\t\t\t\t<img fetchpriority=\"high\" decoding=\"async\" width=\"576\" height=\"1024\" src=\"https:\/\/ivanina-svastaonica.hr\/wp-content\/uploads\/2024\/03\/shared_qr_code-1-576x1024.png\" class=\"attachment-large size-large wp-image-698\" alt=\"\" srcset=\"https:\/\/ivanina-svastaonica.hr\/wp-content\/uploads\/2024\/03\/shared_qr_code-1-576x1024.png 576w, https:\/\/ivanina-svastaonica.hr\/wp-content\/uploads\/2024\/03\/shared_qr_code-1-169x300.png 169w, https:\/\/ivanina-svastaonica.hr\/wp-content\/uploads\/2024\/03\/shared_qr_code-1-768x1365.png 768w, https:\/\/ivanina-svastaonica.hr\/wp-content\/uploads\/2024\/03\/shared_qr_code-1-864x1536.png 864w, https:\/\/ivanina-svastaonica.hr\/wp-content\/uploads\/2024\/03\/shared_qr_code-1-7x12.png 7w, https:\/\/ivanina-svastaonica.hr\/wp-content\/uploads\/2024\/03\/shared_qr_code-1.png 945w\" sizes=\"(max-width: 576px) 100vw, 576px\" \/>\t\t\t\t\t\t\t\t\t\t\t\t\t\t\t<\/div>\n\t\t\t\t<\/div>\n\t\t\t\t<div class=\"elementor-element elementor-element-46ce27e elementor-widget elementor-widget-text-editor\" data-id=\"46ce27e\" data-element_type=\"widget\" data-widget_type=\"text-editor.default\">\n\t\t\t\t<div class=\"elementor-widget-container\">\n\t\t\t\t\t\t\t\t\t<h3>Contact me for any questions or help!<\/h3>\t\t\t\t\t\t\t\t<\/div>\n\t\t\t\t<\/div>\n\t\t\t\t<div class=\"elementor-element elementor-element-974ba15 elementor-widget elementor-widget-ws-form\" data-id=\"974ba15\" data-element_type=\"widget\" data-widget_type=\"ws-form.default\">\n\t\t\t\t<div class=\"elementor-widget-container\">\n\t\t\t\t\t<form action=\"https:\/\/ivanina-svastaonica.hr\/en\/wp-json\/ws-form\/v1\/submit\" class=\"wsf-form wsf-form-canvas\" id=\"ws-form-1\" data-id=\"1\" method=\"POST\" data-instance-id=\"1\" data-wsf-style-id=\"1\" data-trp-original-action=\"https:\/\/ivanina-svastaonica.hr\/en\/wp-json\/ws-form\/v1\/submit\"><input type=\"hidden\" name=\"trp-form-language\" value=\"en\"\/><\/form>\t\t\t\t<\/div>\n\t\t\t\t<\/div>\n\t\t\t\t<\/div>\n\t\t<div class=\"elementor-element elementor-element-dcdac6f e-con-full e-flex e-con e-child\" data-id=\"dcdac6f\" data-element_type=\"container\">\n\t\t\t\t<div class=\"elementor-element elementor-element-793a4fb elementor-widget__width-initial elementor-widget elementor-widget-image\" data-id=\"793a4fb\" data-element_type=\"widget\" data-widget_type=\"image.default\">\n\t\t\t\t<div class=\"elementor-widget-container\">\n\t\t\t\t\t\t\t\t\t\t\t\t\t\t\t<img decoding=\"async\" width=\"1024\" height=\"768\" src=\"https:\/\/ivanina-svastaonica.hr\/wp-content\/uploads\/2024\/08\/Ivana-Sestan-Krajnovic-u-Slavonskom-Brodu-06241-1024x768.jpg\" class=\"attachment-large size-large wp-image-803\" alt=\"\" srcset=\"https:\/\/ivanina-svastaonica.hr\/wp-content\/uploads\/2024\/08\/Ivana-Sestan-Krajnovic-u-Slavonskom-Brodu-06241-1024x768.jpg 1024w, https:\/\/ivanina-svastaonica.hr\/wp-content\/uploads\/2024\/08\/Ivana-Sestan-Krajnovic-u-Slavonskom-Brodu-06241-300x225.jpg 300w, https:\/\/ivanina-svastaonica.hr\/wp-content\/uploads\/2024\/08\/Ivana-Sestan-Krajnovic-u-Slavonskom-Brodu-06241-768x576.jpg 768w, https:\/\/ivanina-svastaonica.hr\/wp-content\/uploads\/2024\/08\/Ivana-Sestan-Krajnovic-u-Slavonskom-Brodu-06241-16x12.jpg 16w, https:\/\/ivanina-svastaonica.hr\/wp-content\/uploads\/2024\/08\/Ivana-Sestan-Krajnovic-u-Slavonskom-Brodu-06241-1320x990.jpg 1320w, https:\/\/ivanina-svastaonica.hr\/wp-content\/uploads\/2024\/08\/Ivana-Sestan-Krajnovic-u-Slavonskom-Brodu-06241.jpg 1440w\" sizes=\"(max-width: 1024px) 100vw, 1024px\" \/>\t\t\t\t\t\t\t\t\t\t\t\t\t\t\t<\/div>\n\t\t\t\t<\/div>\n\t\t\t\t<\/div>\n\t\t\t\t\t<\/div>\n\t\t\t\t<\/div>\n\t\t<div class=\"elementor-element elementor-element-d42e021 e-flex e-con-boxed e-con e-parent\" data-id=\"d42e021\" data-element_type=\"container\">\n\t\t\t\t\t<div class=\"e-con-inner\">\n\t\t\t\t<div class=\"elementor-element elementor-element-77183e5 elementor-widget elementor-widget-text-editor\" data-id=\"77183e5\" data-element_type=\"widget\" data-widget_type=\"text-editor.default\">\n\t\t\t\t<div class=\"elementor-widget-container\">\n\t\t\t\t\t\t\t\t\t<p><strong>Ivanina sva\u0161taonica<\/strong>, obrt za usluge, trgovinu i proizvodnju<\/p><p><strong>Adresa:<\/strong> Gombo\u0161eva 32, 10010 Zagreb<\/p><p><strong>OIB:<\/strong> 50033321167<\/p><p><strong>Radno vrijeme:<\/strong> po dogovoru<\/p><p><strong>Telefon:<\/strong> +385914691348<\/p><p><strong>Mail:<\/strong> ivanina.svastaonica@gmail.com<\/p><p><strong>IBAN:<\/strong> HR7924840081135306715<\/p>\t\t\t\t\t\t\t\t<\/div>\n\t\t\t\t<\/div>\n\t\t\t\t\t<\/div>\n\t\t\t\t<\/div>\n\t\t<div class=\"elementor-element elementor-element-0fe196b e-flex e-con-boxed e-con e-parent\" data-id=\"0fe196b\" data-element_type=\"container\">\n\t\t\t\t\t<div class=\"e-con-inner\">\n\t\t\t\t<div class=\"elementor-element elementor-element-c94e9b9 elementor-widget elementor-widget-google_maps\" data-id=\"c94e9b9\" data-element_type=\"widget\" data-widget_type=\"google_maps.default\">\n\t\t\t\t<div class=\"elementor-widget-container\">\n\t\t\t\t\t\t\t<div class=\"elementor-custom-embed\">\n\t\t\t<iframe loading=\"lazy\"\n\t\t\t\t\tsrc=\"https:\/\/maps.google.com\/maps?q=Gombo%C5%A1eva%2032&#038;t=m&#038;z=10&#038;output=embed&#038;iwloc=near\"\n\t\t\t\t\ttitle=\"Gombo\u0161eva 32\"\n\t\t\t\t\taria-label=\"Gombo\u0161eva 32\"\n\t\t\t><\/iframe>\n\t\t<\/div>\n\t\t\t\t\t\t<\/div>\n\t\t\t\t<\/div>\n\t\t\t\t\t<\/div>\n\t\t\t\t<\/div>\n\t\t\t\t<\/div>","protected":false},"excerpt":{"rendered":"<p>Javite se Kontaktirajte me za sva pitanja i pomo\u0107! Ivanina sva\u0161taonica, obrt za usluge, trgovinu i proizvodnju Adresa: Gombo\u0161eva 32, 10010 Zagreb OIB: 50033321167 Radno vrijeme: po dogovoru Telefon: +385914691348 Mail: ivanina.svastaonica@gmail.com IBAN: HR7924840081135306715<\/p>","protected":false},"author":1,"featured_media":0,"parent":0,"menu_order":0,"comment_status":"closed","ping_status":"closed","template":"","meta":{"content-type":"","om_disable_all_campaigns":false,"_monsterinsights_skip_tracking":false,"_monsterinsights_sitenote_active":false,"_monsterinsights_sitenote_note":"","_monsterinsights_sitenote_category":0,"site-sidebar-layout":"no-sidebar","site-content-layout":"page-builder","ast-site-content-layout":"","site-content-style":"default","site-sidebar-style":"default","ast-global-header-display":"","ast-banner-title-visibility":"","ast-main-header-display":"","ast-hfb-above-header-display":"","ast-hfb-below-header-display":"","ast-hfb-mobile-header-display":"","site-post-title":"disabled","ast-breadcrumbs-content":"","ast-featured-img":"disabled","footer-sml-layout":"","theme-transparent-header-meta":"","adv-header-id-meta":"","stick-header-meta":"","header-above-stick-meta":"","header-main-stick-meta":"","header-below-stick-meta":"","astra-migrate-meta-layouts":"default","ast-page-background-enabled":"default","ast-page-background-meta":{"desktop":{"background-color":"var(--ast-global-color-4)","background-image":"","background-repeat":"repeat","background-position":"center center","background-size":"auto","background-attachment":"scroll","background-type":"","background-media":"","overlay-type":"","overlay-color":"","overlay-opacity":"","overlay-gradient":""},"tablet":{"background-color":"","background-image":"","background-repeat":"repeat","background-position":"center center","background-size":"auto","background-attachment":"scroll","background-type":"","background-media":"","overlay-type":"","overlay-color":"","overlay-opacity":"","overlay-gradient":""},"mobile":{"background-color":"","background-image":"","background-repeat":"repeat","background-position":"center center","background-size":"auto","background-attachment":"scroll","background-type":"","background-media":"","overlay-type":"","overlay-color":"","overlay-opacity":"","overlay-gradient":""}},"ast-content-background-meta":{"desktop":{"background-color":"var(--ast-global-color-5)","background-image":"","background-repeat":"repeat","background-position":"center center","background-size":"auto","background-attachment":"scroll","background-type":"","background-media":"","overlay-type":"","overlay-color":"","overlay-opacity":"","overlay-gradient":""},"tablet":{"background-color":"var(--ast-global-color-5)","background-image":"","background-repeat":"repeat","background-position":"center center","background-size":"auto","background-attachment":"scroll","background-type":"","background-media":"","overlay-type":"","overlay-color":"","overlay-opacity":"","overlay-gradient":""},"mobile":{"background-color":"var(--ast-global-color-5)","background-image":"","background-repeat":"repeat","background-position":"center center","background-size":"auto","background-attachment":"scroll","background-type":"","background-media":"","overlay-type":"","overlay-color":"","overlay-opacity":"","overlay-gradient":""}},"footnotes":""},"class_list":["post-38","page","type-page","status-publish","hentry"],"_links":{"self":[{"href":"https:\/\/ivanina-svastaonica.hr\/en\/wp-json\/wp\/v2\/pages\/38","targetHints":{"allow":["GET"]}}],"collection":[{"href":"https:\/\/ivanina-svastaonica.hr\/en\/wp-json\/wp\/v2\/pages"}],"about":[{"href":"https:\/\/ivanina-svastaonica.hr\/en\/wp-json\/wp\/v2\/types\/page"}],"author":[{"embeddable":true,"href":"https:\/\/ivanina-svastaonica.hr\/en\/wp-json\/wp\/v2\/users\/1"}],"replies":[{"embeddable":true,"href":"https:\/\/ivanina-svastaonica.hr\/en\/wp-json\/wp\/v2\/comments?post=38"}],"version-history":[{"count":58,"href":"https:\/\/ivanina-svastaonica.hr\/en\/wp-json\/wp\/v2\/pages\/38\/revisions"}],"predecessor-version":[{"id":924,"href":"https:\/\/ivanina-svastaonica.hr\/en\/wp-json\/wp\/v2\/pages\/38\/revisions\/924"}],"wp:attachment":[{"href":"https:\/\/ivanina-svastaonica.hr\/en\/wp-json\/wp\/v2\/media?parent=38"}],"curies":[{"name":"wp","href":"https:\/\/api.w.org\/{rel}","templated":true}]}}