{"id":41,"date":"2023-11-04T21:05:53","date_gmt":"2023-11-04T20:05:53","guid":{"rendered":"https:\/\/ivanina-svastaonica.hr\/?page_id=41"},"modified":"2024-02-26T22:42:37","modified_gmt":"2024-02-26T21:42:37","slug":"o-meni","status":"publish","type":"page","link":"https:\/\/ivanina-svastaonica.hr\/en\/o-meni\/","title":{"rendered":"About us"},"content":{"rendered":"<div data-elementor-type=\"wp-page\" data-elementor-id=\"41\" class=\"elementor elementor-41\">\n\t\t\t\t<div class=\"elementor-element elementor-element-115a34f2 e-con-full e-flex e-con e-parent\" data-id=\"115a34f2\" data-element_type=\"container\" data-settings=\"{&quot;background_background&quot;:&quot;classic&quot;}\">\n\t\t<div class=\"elementor-element elementor-element-60f77cab e-flex e-con-boxed e-con e-child\" data-id=\"60f77cab\" data-element_type=\"container\">\n\t\t\t\t\t<div class=\"e-con-inner\">\n\t\t\t\t<div class=\"elementor-element elementor-element-5e8c8220 elementor-widget elementor-widget-heading\" data-id=\"5e8c8220\" data-element_type=\"widget\" data-widget_type=\"heading.default\">\n\t\t\t\t<div class=\"elementor-widget-container\">\n\t\t\t\t\t<h6 class=\"elementor-heading-title elementor-size-default\">In Ivanina sva\u0161taonica<\/h6>\t\t\t\t<\/div>\n\t\t\t\t<\/div>\n\t\t\t\t<div class=\"elementor-element elementor-element-25b89b46 elementor-widget elementor-widget-text-editor\" data-id=\"25b89b46\" data-element_type=\"widget\" data-widget_type=\"text-editor.default\">\n\t\t\t\t<div class=\"elementor-widget-container\">\n\t\t\t\t\t\t\t\t\t<p>something for everyone<\/p>\t\t\t\t\t\t\t\t<\/div>\n\t\t\t\t<\/div>\n\t\t\t\t<div class=\"elementor-element elementor-element-39721d4d elementor-hidden-desktop elementor-widget elementor-widget-button\" data-id=\"39721d4d\" data-element_type=\"widget\" data-widget_type=\"button.default\">\n\t\t\t\t<div class=\"elementor-widget-container\">\n\t\t\t\t\t\t\t\t\t<div class=\"elementor-button-wrapper\">\n\t\t\t\t\t<a class=\"elementor-button elementor-button-link elementor-size-sm\" href=\"tel:+385914691348\">\n\t\t\t\t\t\t<span class=\"elementor-button-content-wrapper\">\n\t\t\t\t\t\t\t\t\t<span class=\"elementor-button-text\">Call<\/span>\n\t\t\t\t\t<\/span>\n\t\t\t\t\t<\/a>\n\t\t\t\t<\/div>\n\t\t\t\t\t\t\t\t<\/div>\n\t\t\t\t<\/div>\n\t\t\t\t<div class=\"elementor-element elementor-element-4eff93f elementor-widget elementor-widget-text-editor\" data-id=\"4eff93f\" data-element_type=\"widget\" data-widget_type=\"text-editor.default\">\n\t\t\t\t<div class=\"elementor-widget-container\">\n\t\t\t\t\t\t\t\t\t<p>I clean spaces - for those who have neither the time nor the will.<br \/>Creative workshops - for creatives.<br \/>Running parties \u2013 for those who want physical activity.<br \/>Mountaineering trips - for those who miss nature.<br \/>Unique gifts - for those who have exhausted all ideas and are looking for something different.<br \/>Leaflet distribution - for those who lack personal marketing.<br \/>Administration, consultations, organization of various events, .... all kinds of things.<\/p>\t\t\t\t\t\t\t\t<\/div>\n\t\t\t\t<\/div>\n\t\t\t\t\t<\/div>\n\t\t\t\t<\/div>\n\t\t<div class=\"elementor-element elementor-element-39434e1d e-con-full e-flex e-con e-child\" data-id=\"39434e1d\" data-element_type=\"container\">\n\t\t\t\t<div class=\"elementor-element elementor-element-7ddf6a16 elementor-widget elementor-widget-image\" data-id=\"7ddf6a16\" data-element_type=\"widget\" data-widget_type=\"image.default\">\n\t\t\t\t<div class=\"elementor-widget-container\">\n\t\t\t\t\t\t\t\t\t\t\t\t\t\t\t<img fetchpriority=\"high\" decoding=\"async\" width=\"1024\" height=\"768\" src=\"https:\/\/ivanina-svastaonica.hr\/wp-content\/uploads\/2024\/01\/Paklenica-2022.-resize-i-tiny-1024x768.jpg\" class=\"attachment-large size-large wp-image-365\" alt=\"Ivanina sva\u0161taonica-Paklenica\" srcset=\"https:\/\/ivanina-svastaonica.hr\/wp-content\/uploads\/2024\/01\/Paklenica-2022.-resize-i-tiny-1024x768.jpg 1024w, https:\/\/ivanina-svastaonica.hr\/wp-content\/uploads\/2024\/01\/Paklenica-2022.-resize-i-tiny-300x225.jpg 300w, https:\/\/ivanina-svastaonica.hr\/wp-content\/uploads\/2024\/01\/Paklenica-2022.-resize-i-tiny-768x576.jpg 768w, https:\/\/ivanina-svastaonica.hr\/wp-content\/uploads\/2024\/01\/Paklenica-2022.-resize-i-tiny-16x12.jpg 16w, https:\/\/ivanina-svastaonica.hr\/wp-content\/uploads\/2024\/01\/Paklenica-2022.-resize-i-tiny.jpg 1440w\" sizes=\"(max-width: 1024px) 100vw, 1024px\" \/>\t\t\t\t\t\t\t\t\t\t\t\t\t\t\t<\/div>\n\t\t\t\t<\/div>\n\t\t\t\t<\/div>\n\t\t\t\t<\/div>\n\t\t<div class=\"elementor-element elementor-element-78f484da e-flex e-con-boxed e-con e-parent\" data-id=\"78f484da\" data-element_type=\"container\">\n\t\t\t\t\t<div class=\"e-con-inner\">\n\t\t<div class=\"elementor-element elementor-element-2cfbfe4c e-con-full e-flex e-con e-child\" data-id=\"2cfbfe4c\" data-element_type=\"container\">\n\t\t<div class=\"elementor-element elementor-element-6037a739 e-con-full e-flex e-con e-child\" data-id=\"6037a739\" data-element_type=\"container\">\n\t\t\t\t<div class=\"elementor-element elementor-element-510c10d2 elementor-widget elementor-widget-image\" data-id=\"510c10d2\" data-element_type=\"widget\" data-widget_type=\"image.default\">\n\t\t\t\t<div class=\"elementor-widget-container\">\n\t\t\t\t\t\t\t\t\t\t\t\t\t\t\t<img decoding=\"async\" width=\"612\" height=\"408\" src=\"https:\/\/ivanina-svastaonica.hr\/wp-content\/uploads\/2023\/11\/istockphoto-1315338184-612x612-1.jpg\" class=\"attachment-large size-large wp-image-25\" alt=\"\" srcset=\"https:\/\/ivanina-svastaonica.hr\/wp-content\/uploads\/2023\/11\/istockphoto-1315338184-612x612-1.jpg 612w, https:\/\/ivanina-svastaonica.hr\/wp-content\/uploads\/2023\/11\/istockphoto-1315338184-612x612-1-300x200.jpg 300w\" sizes=\"(max-width: 612px) 100vw, 612px\" \/>\t\t\t\t\t\t\t\t\t\t\t\t\t\t\t<\/div>\n\t\t\t\t<\/div>\n\t\t\t\t<div class=\"elementor-element elementor-element-19392d07 elementor-widget elementor-widget-image\" data-id=\"19392d07\" data-element_type=\"widget\" data-widget_type=\"image.default\">\n\t\t\t\t<div class=\"elementor-widget-container\">\n\t\t\t\t\t\t\t\t\t\t\t\t\t\t\t<img decoding=\"async\" width=\"1024\" height=\"768\" src=\"https:\/\/ivanina-svastaonica.hr\/wp-content\/uploads\/2024\/01\/Narukvica-narancastafimo-1-1-1024x768.jpg\" class=\"attachment-large size-large wp-image-307\" alt=\"Ivanina sva\u0161taonica-Narukvica-naran\u010dasta fimo\" srcset=\"https:\/\/ivanina-svastaonica.hr\/wp-content\/uploads\/2024\/01\/Narukvica-narancastafimo-1-1-1024x768.jpg 1024w, https:\/\/ivanina-svastaonica.hr\/wp-content\/uploads\/2024\/01\/Narukvica-narancastafimo-1-1-300x225.jpg 300w, https:\/\/ivanina-svastaonica.hr\/wp-content\/uploads\/2024\/01\/Narukvica-narancastafimo-1-1-768x576.jpg 768w, https:\/\/ivanina-svastaonica.hr\/wp-content\/uploads\/2024\/01\/Narukvica-narancastafimo-1-1.jpg 1440w\" sizes=\"(max-width: 1024px) 100vw, 1024px\" \/>\t\t\t\t\t\t\t\t\t\t\t\t\t\t\t<\/div>\n\t\t\t\t<\/div>\n\t\t\t\t<\/div>\n\t\t<div class=\"elementor-element elementor-element-145903fa e-con-full e-flex e-con e-child\" data-id=\"145903fa\" data-element_type=\"container\">\n\t\t\t\t<div class=\"elementor-element elementor-element-430d3240 elementor-widget elementor-widget-image\" data-id=\"430d3240\" data-element_type=\"widget\" data-widget_type=\"image.default\">\n\t\t\t\t<div class=\"elementor-widget-container\">\n\t\t\t\t\t\t\t\t\t\t\t\t\t\t\t<img loading=\"lazy\" decoding=\"async\" width=\"1024\" height=\"768\" src=\"https:\/\/ivanina-svastaonica.hr\/wp-content\/uploads\/2024\/01\/pexels-tirachard-kumtanom-450062-2-1-1024x768.jpg\" class=\"attachment-large size-large wp-image-309\" alt=\"\" srcset=\"https:\/\/ivanina-svastaonica.hr\/wp-content\/uploads\/2024\/01\/pexels-tirachard-kumtanom-450062-2-1-1024x768.jpg 1024w, https:\/\/ivanina-svastaonica.hr\/wp-content\/uploads\/2024\/01\/pexels-tirachard-kumtanom-450062-2-1-300x225.jpg 300w, https:\/\/ivanina-svastaonica.hr\/wp-content\/uploads\/2024\/01\/pexels-tirachard-kumtanom-450062-2-1-768x576.jpg 768w, https:\/\/ivanina-svastaonica.hr\/wp-content\/uploads\/2024\/01\/pexels-tirachard-kumtanom-450062-2-1.jpg 1440w\" sizes=\"(max-width: 1024px) 100vw, 1024px\" \/>\t\t\t\t\t\t\t\t\t\t\t\t\t\t\t<\/div>\n\t\t\t\t<\/div>\n\t\t\t\t<div class=\"elementor-element elementor-element-10853818 elementor-widget elementor-widget-image\" data-id=\"10853818\" data-element_type=\"widget\" data-widget_type=\"image.default\">\n\t\t\t\t<div class=\"elementor-widget-container\">\n\t\t\t\t\t\t\t\t\t\t\t\t\t\t\t<img loading=\"lazy\" decoding=\"async\" width=\"1024\" height=\"683\" src=\"https:\/\/ivanina-svastaonica.hr\/wp-content\/uploads\/2024\/01\/pexels-vojtech-okenka-392018-1-1-1024x683.jpg\" class=\"attachment-large size-large wp-image-313\" alt=\"\" srcset=\"https:\/\/ivanina-svastaonica.hr\/wp-content\/uploads\/2024\/01\/pexels-vojtech-okenka-392018-1-1-1024x683.jpg 1024w, https:\/\/ivanina-svastaonica.hr\/wp-content\/uploads\/2024\/01\/pexels-vojtech-okenka-392018-1-1-300x200.jpg 300w, https:\/\/ivanina-svastaonica.hr\/wp-content\/uploads\/2024\/01\/pexels-vojtech-okenka-392018-1-1-768x512.jpg 768w, https:\/\/ivanina-svastaonica.hr\/wp-content\/uploads\/2024\/01\/pexels-vojtech-okenka-392018-1-1-1536x1024.jpg 1536w, https:\/\/ivanina-svastaonica.hr\/wp-content\/uploads\/2024\/01\/pexels-vojtech-okenka-392018-1-1.jpg 1600w\" sizes=\"(max-width: 1024px) 100vw, 1024px\" \/>\t\t\t\t\t\t\t\t\t\t\t\t\t\t\t<\/div>\n\t\t\t\t<\/div>\n\t\t\t\t<\/div>\n\t\t\t\t<\/div>\n\t\t<div class=\"elementor-element elementor-element-7ce2b325 e-con-full e-flex e-con e-child\" data-id=\"7ce2b325\" data-element_type=\"container\">\n\t\t\t\t<div class=\"elementor-element elementor-element-1b2e688b elementor-widget elementor-widget-heading\" data-id=\"1b2e688b\" data-element_type=\"widget\" data-widget_type=\"heading.default\">\n\t\t\t\t<div class=\"elementor-widget-container\">\n\t\t\t\t\t<h5 class=\"elementor-heading-title elementor-size-default\">About us<\/h5>\t\t\t\t<\/div>\n\t\t\t\t<\/div>\n\t\t\t\t<div class=\"elementor-element elementor-element-5858d6a5 elementor-widget elementor-widget-text-editor\" data-id=\"5858d6a5\" data-element_type=\"widget\" data-widget_type=\"text-editor.default\">\n\t\t\t\t<div class=\"elementor-widget-container\">\n\t\t\t\t\t\t\t\t\t<p>Ivanina sva\u0161taonica is currently one Ivana, i.e. me.<br \/>After more than 20 years behind the computer screen, in the world of numbers, I finally decided to let my creativity and energy come out into the light of day and opened Ivanina sva\u0161taonica.<br \/><br \/>My mission is to spread positive energy and help people in everyday work and activities.<br \/><br \/>My vision - to make someone's life simpler.<\/p>\t\t\t\t\t\t\t\t<\/div>\n\t\t\t\t<\/div>\n\t\t\t\t<div class=\"elementor-element elementor-element-12a715f7 elementor-widget elementor-widget-button\" data-id=\"12a715f7\" data-element_type=\"widget\" data-widget_type=\"button.default\">\n\t\t\t\t<div class=\"elementor-widget-container\">\n\t\t\t\t\t\t\t\t\t<div class=\"elementor-button-wrapper\">\n\t\t\t\t\t<a class=\"elementor-button elementor-button-link elementor-size-sm\" href=\"mailto:ivanina.svastaonica@gmail.com\">\n\t\t\t\t\t\t<span class=\"elementor-button-content-wrapper\">\n\t\t\t\t\t\t\t\t\t<span class=\"elementor-button-text\">Send an email<\/span>\n\t\t\t\t\t<\/span>\n\t\t\t\t\t<\/a>\n\t\t\t\t<\/div>\n\t\t\t\t\t\t\t\t<\/div>\n\t\t\t\t<\/div>\n\t\t\t\t<\/div>\n\t\t\t\t\t<\/div>\n\t\t\t\t<\/div>\n\t\t<div class=\"elementor-element elementor-element-ecb42b4 e-flex e-con-boxed e-con e-parent\" data-id=\"ecb42b4\" data-element_type=\"container\">\n\t\t\t\t\t<div class=\"e-con-inner\">\n\t\t\t\t<div class=\"elementor-element elementor-element-f669dc3 elementor-widget elementor-widget-spacer\" data-id=\"f669dc3\" data-element_type=\"widget\" data-widget_type=\"spacer.default\">\n\t\t\t\t<div class=\"elementor-widget-container\">\n\t\t\t\t\t\t\t<div class=\"elementor-spacer\">\n\t\t\t<div class=\"elementor-spacer-inner\"><\/div>\n\t\t<\/div>\n\t\t\t\t\t\t<\/div>\n\t\t\t\t<\/div>\n\t\t\t\t\t<\/div>\n\t\t\t\t<\/div>\n\t\t<div class=\"elementor-element elementor-element-951be31 e-flex e-con-boxed e-con e-parent\" data-id=\"951be31\" data-element_type=\"container\">\n\t\t\t\t\t<div class=\"e-con-inner\">\n\t\t\t\t<div class=\"elementor-element elementor-element-91f271d elementor-arrows-position-inside elementor-pagination-position-outside elementor-widget elementor-widget-image-carousel\" data-id=\"91f271d\" data-element_type=\"widget\" data-settings=\"{&quot;slides_to_show&quot;:&quot;5&quot;,&quot;slides_to_scroll&quot;:&quot;5&quot;,&quot;navigation&quot;:&quot;both&quot;,&quot;autoplay&quot;:&quot;yes&quot;,&quot;pause_on_hover&quot;:&quot;yes&quot;,&quot;pause_on_interaction&quot;:&quot;yes&quot;,&quot;autoplay_speed&quot;:5000,&quot;infinite&quot;:&quot;yes&quot;,&quot;speed&quot;:500}\" data-widget_type=\"image-carousel.default\">\n\t\t\t\t<div class=\"elementor-widget-container\">\n\t\t\t\t\t\t\t<div class=\"elementor-image-carousel-wrapper swiper\" role=\"region\" aria-roledescription=\"carousel\" aria-label=\"Vrtuljak slika\" dir=\"ltr\">\n\t\t\t<div class=\"elementor-image-carousel swiper-wrapper\" aria-live=\"off\">\n\t\t\t\t\t\t\t\t<div class=\"swiper-slide\" role=\"group\" aria-roledescription=\"slide\" aria-label=\"1 od 12\"><figure class=\"swiper-slide-inner\"><img decoding=\"async\" class=\"swiper-slide-image\" src=\"https:\/\/ivanina-svastaonica.hr\/wp-content\/uploads\/2024\/01\/20221022_161045-150x150.jpg\" alt=\"Ivanina sva\u0161taonica - Utolica\" \/><\/figure><\/div><div class=\"swiper-slide\" role=\"group\" aria-roledescription=\"slide\" aria-label=\"2 od 12\"><figure class=\"swiper-slide-inner\"><img decoding=\"async\" class=\"swiper-slide-image\" src=\"https:\/\/ivanina-svastaonica.hr\/wp-content\/uploads\/2024\/01\/Ono-kad-sam-vozila-Rent-a-car-150x150.jpg\" alt=\"Ivanina sva\u0161taonica - Rent-a-car\" \/><\/figure><\/div><div class=\"swiper-slide\" role=\"group\" aria-roledescription=\"slide\" aria-label=\"3 od 12\"><figure class=\"swiper-slide-inner\"><img decoding=\"async\" class=\"swiper-slide-image\" src=\"https:\/\/ivanina-svastaonica.hr\/wp-content\/uploads\/2024\/01\/Krastavci-resize-i-kroz-tiny-150x150.jpg\" alt=\"Ivanina sva\u0161taonica - Krastavci\" \/><\/figure><\/div><div class=\"swiper-slide\" role=\"group\" aria-roledescription=\"slide\" aria-label=\"4 od 12\"><figure class=\"swiper-slide-inner\"><img decoding=\"async\" class=\"swiper-slide-image\" src=\"https:\/\/ivanina-svastaonica.hr\/wp-content\/uploads\/2024\/01\/Hendrix-resize-ikroz-tiny-150x150.jpg\" alt=\"Ivanina sva\u0161taonica - Hendrix\" \/><\/figure><\/div><div class=\"swiper-slide\" role=\"group\" aria-roledescription=\"slide\" aria-label=\"5 od 12\"><figure class=\"swiper-slide-inner\"><img decoding=\"async\" class=\"swiper-slide-image\" src=\"https:\/\/ivanina-svastaonica.hr\/wp-content\/uploads\/2024\/01\/Lutkice-vodoravna-resize-i-tiny-150x150.jpg\" alt=\"Ivanina sva\u0161taonica - Lutkice\" \/><\/figure><\/div><div class=\"swiper-slide\" role=\"group\" aria-roledescription=\"slide\" aria-label=\"6 od 12\"><figure class=\"swiper-slide-inner\"><img decoding=\"async\" class=\"swiper-slide-image\" src=\"https:\/\/ivanina-svastaonica.hr\/wp-content\/uploads\/2024\/01\/IMG-20221102-WA0019-1-150x150.jpg\" alt=\"Ivanina sva\u0161taonica - planinarim\" \/><\/figure><\/div><div class=\"swiper-slide\" role=\"group\" aria-roledescription=\"slide\" aria-label=\"7 od 12\"><figure class=\"swiper-slide-inner\"><img decoding=\"async\" class=\"swiper-slide-image\" src=\"https:\/\/ivanina-svastaonica.hr\/wp-content\/uploads\/2024\/01\/IMG-20230216-WA0006-150x150.jpg\" alt=\"Ivanina sva\u0161taonica - Ana kao iz Casa de papel\" \/><\/figure><\/div><div class=\"swiper-slide\" role=\"group\" aria-roledescription=\"slide\" aria-label=\"8 od 12\"><figure class=\"swiper-slide-inner\"><img decoding=\"async\" class=\"swiper-slide-image\" src=\"https:\/\/ivanina-svastaonica.hr\/wp-content\/uploads\/2024\/01\/moj-vrt-resize-i-tiny-150x150.jpg\" alt=\"Ivanina sva\u0161taonica - moj vrt\" \/><\/figure><\/div><div class=\"swiper-slide\" role=\"group\" aria-roledescription=\"slide\" aria-label=\"9 od 12\"><figure class=\"swiper-slide-inner\"><img decoding=\"async\" class=\"swiper-slide-image\" src=\"https:\/\/ivanina-svastaonica.hr\/wp-content\/uploads\/2024\/01\/Zumberak-trail-2019-resize-i-tiny-150x150.jpg\" alt=\"Ivanina sva\u0161taonica - \u017dumberak trail-2019\" \/><\/figure><\/div><div class=\"swiper-slide\" role=\"group\" aria-roledescription=\"slide\" aria-label=\"10 od 12\"><figure class=\"swiper-slide-inner\"><img decoding=\"async\" class=\"swiper-slide-image\" src=\"https:\/\/ivanina-svastaonica.hr\/wp-content\/uploads\/2024\/01\/zuti-cvijet-u-vrtu-resize-i-tiny-150x150.jpg\" alt=\"Ivanina sva\u0161taonica - \u017euti cvijet u vrtu\" \/><\/figure><\/div><div class=\"swiper-slide\" role=\"group\" aria-roledescription=\"slide\" aria-label=\"11 od 12\"><figure class=\"swiper-slide-inner\"><img decoding=\"async\" class=\"swiper-slide-image\" src=\"https:\/\/ivanina-svastaonica.hr\/wp-content\/uploads\/2024\/01\/ZG-nocni-cener-150x150.jpg\" alt=\"Ivanina sva\u0161taonica - ZG no\u0107ni cener\" \/><\/figure><\/div><div class=\"swiper-slide\" role=\"group\" aria-roledescription=\"slide\" aria-label=\"12 od 12\"><figure class=\"swiper-slide-inner\"><img decoding=\"async\" class=\"swiper-slide-image\" src=\"https:\/\/ivanina-svastaonica.hr\/wp-content\/uploads\/2024\/01\/Grawe-nocni-1920x1080-kroz-tiny-150x150.png\" alt=\"Ivanina sva\u0161taonica - Grawe no\u0107ni\" \/><\/figure><\/div>\t\t\t<\/div>\n\t\t\t\t\t\t\t\t\t\t\t\t<div class=\"elementor-swiper-button elementor-swiper-button-prev\" role=\"button\" tabindex=\"0\">\n\t\t\t\t\t\t<svg aria-hidden=\"true\" class=\"e-font-icon-svg e-eicon-chevron-left\" viewbox=\"0 0 1000 1000\" xmlns=\"http:\/\/www.w3.org\/2000\/svg\"><path d=\"M646 125C629 125 613 133 604 142L308 442C296 454 292 471 292 487 292 504 296 521 308 533L604 854C617 867 629 875 646 875 663 875 679 871 692 858 704 846 713 829 713 812 713 796 708 779 692 767L438 487 692 225C700 217 708 204 708 187 708 171 704 154 692 142 675 129 663 125 646 125Z\"><\/path><\/svg>\t\t\t\t\t<\/div>\n\t\t\t\t\t<div class=\"elementor-swiper-button elementor-swiper-button-next\" role=\"button\" tabindex=\"0\">\n\t\t\t\t\t\t<svg aria-hidden=\"true\" class=\"e-font-icon-svg e-eicon-chevron-right\" viewbox=\"0 0 1000 1000\" xmlns=\"http:\/\/www.w3.org\/2000\/svg\"><path d=\"M696 533C708 521 713 504 713 487 713 471 708 454 696 446L400 146C388 133 375 125 354 125 338 125 325 129 313 142 300 154 292 171 292 187 292 204 296 221 308 233L563 492 304 771C292 783 288 800 288 817 288 833 296 850 308 863 321 871 338 875 354 875 371 875 388 867 400 854L696 533Z\"><\/path><\/svg>\t\t\t\t\t<\/div>\n\t\t\t\t\n\t\t\t\t\t\t\t\t\t<div class=\"swiper-pagination\"><\/div>\n\t\t\t\t\t\t\t\t\t<\/div>\n\t\t\t\t\t\t<\/div>\n\t\t\t\t<\/div>\n\t\t\t\t\t<\/div>\n\t\t\t\t<\/div>\n\t\t\t\t<\/div>","protected":false},"excerpt":{"rendered":"<p>U Ivaninoj sva\u0161taonici za svakoga pone\u0161to Nazovite \u010cistim prostore &#8211; za one koji nemaju ni vremena, ni volje.Kreativne radionice\u00a0 &#8211; za kreativce.Trka\u010dka dru\u017eenja &#8211; za one \u017eeljne fizi\u010dke aktivnosti.Planinarski izleti\u00a0 -za one koji kojima nedostaje priroda.Unikatni poklon\u010di\u0107i &#8211; za one koji su ispucali sve ideje i tra\u017ee ne\u0161to druga\u010dije.Distribucija letaka\u00a0 -za one kojima nedostaje osobni [&hellip;]<\/p>","protected":false},"author":1,"featured_media":0,"parent":0,"menu_order":0,"comment_status":"closed","ping_status":"closed","template":"","meta":{"content-type":"","om_disable_all_campaigns":false,"_monsterinsights_skip_tracking":false,"_monsterinsights_sitenote_active":false,"_monsterinsights_sitenote_note":"","_monsterinsights_sitenote_category":0,"site-sidebar-layout":"no-sidebar","site-content-layout":"page-builder","ast-site-content-layout":"","site-content-style":"default","site-sidebar-style":"default","ast-global-header-display":"","ast-banner-title-visibility":"","ast-main-header-display":"","ast-hfb-above-header-display":"","ast-hfb-below-header-display":"","ast-hfb-mobile-header-display":"","site-post-title":"disabled","ast-breadcrumbs-content":"","ast-featured-img":"disabled","footer-sml-layout":"","theme-transparent-header-meta":"","adv-header-id-meta":"","stick-header-meta":"","header-above-stick-meta":"","header-main-stick-meta":"","header-below-stick-meta":"","astra-migrate-meta-layouts":"default","ast-page-background-enabled":"default","ast-page-background-meta":{"desktop":{"background-color":"var(--ast-global-color-4)","background-image":"","background-repeat":"repeat","background-position":"center center","background-size":"auto","background-attachment":"scroll","background-type":"","background-media":"","overlay-type":"","overlay-color":"","overlay-opacity":"","overlay-gradient":""},"tablet":{"background-color":"","background-image":"","background-repeat":"repeat","background-position":"center center","background-size":"auto","background-attachment":"scroll","background-type":"","background-media":"","overlay-type":"","overlay-color":"","overlay-opacity":"","overlay-gradient":""},"mobile":{"background-color":"","background-image":"","background-repeat":"repeat","background-position":"center center","background-size":"auto","background-attachment":"scroll","background-type":"","background-media":"","overlay-type":"","overlay-color":"","overlay-opacity":"","overlay-gradient":""}},"ast-content-background-meta":{"desktop":{"background-color":"var(--ast-global-color-5)","background-image":"","background-repeat":"repeat","background-position":"center center","background-size":"auto","background-attachment":"scroll","background-type":"","background-media":"","overlay-type":"","overlay-color":"","overlay-opacity":"","overlay-gradient":""},"tablet":{"background-color":"var(--ast-global-color-5)","background-image":"","background-repeat":"repeat","background-position":"center center","background-size":"auto","background-attachment":"scroll","background-type":"","background-media":"","overlay-type":"","overlay-color":"","overlay-opacity":"","overlay-gradient":""},"mobile":{"background-color":"var(--ast-global-color-5)","background-image":"","background-repeat":"repeat","background-position":"center center","background-size":"auto","background-attachment":"scroll","background-type":"","background-media":"","overlay-type":"","overlay-color":"","overlay-opacity":"","overlay-gradient":""}},"footnotes":""},"class_list":["post-41","page","type-page","status-publish","hentry"],"_links":{"self":[{"href":"https:\/\/ivanina-svastaonica.hr\/en\/wp-json\/wp\/v2\/pages\/41","targetHints":{"allow":["GET"]}}],"collection":[{"href":"https:\/\/ivanina-svastaonica.hr\/en\/wp-json\/wp\/v2\/pages"}],"about":[{"href":"https:\/\/ivanina-svastaonica.hr\/en\/wp-json\/wp\/v2\/types\/page"}],"author":[{"embeddable":true,"href":"https:\/\/ivanina-svastaonica.hr\/en\/wp-json\/wp\/v2\/users\/1"}],"replies":[{"embeddable":true,"href":"https:\/\/ivanina-svastaonica.hr\/en\/wp-json\/wp\/v2\/comments?post=41"}],"version-history":[{"count":68,"href":"https:\/\/ivanina-svastaonica.hr\/en\/wp-json\/wp\/v2\/pages\/41\/revisions"}],"predecessor-version":[{"id":604,"href":"https:\/\/ivanina-svastaonica.hr\/en\/wp-json\/wp\/v2\/pages\/41\/revisions\/604"}],"wp:attachment":[{"href":"https:\/\/ivanina-svastaonica.hr\/en\/wp-json\/wp\/v2\/media?parent=41"}],"curies":[{"name":"wp","href":"https:\/\/api.w.org\/{rel}","templated":true}]}}