{"id":831,"date":"2024-09-28T21:42:35","date_gmt":"2024-09-28T19:42:35","guid":{"rendered":"https:\/\/ivanina-svastaonica.hr\/?page_id=831"},"modified":"2024-09-28T22:08:13","modified_gmt":"2024-09-28T20:08:13","slug":"pinjate-za-sve-prigode-originalne","status":"publish","type":"page","link":"https:\/\/ivanina-svastaonica.hr\/en\/pinjate-za-sve-prigode-originalne\/","title":{"rendered":"NEW"},"content":{"rendered":"<div data-elementor-type=\"wp-page\" data-elementor-id=\"831\" class=\"elementor elementor-831\">\n\t\t\t\t<div class=\"elementor-element elementor-element-6c75678 e-flex e-con-boxed e-con e-parent\" data-id=\"6c75678\" data-element_type=\"container\">\n\t\t\t\t\t<div class=\"e-con-inner\">\n\t\t\t\t<div class=\"elementor-element elementor-element-0c7b9b9 elementor-widget elementor-widget-heading\" data-id=\"0c7b9b9\" data-element_type=\"widget\" data-settings=\"{&quot;_animation&quot;:&quot;none&quot;}\" data-widget_type=\"heading.default\">\n\t\t\t\t<div class=\"elementor-widget-container\">\n\t\t\t\t\t<h2 class=\"elementor-heading-title elementor-size-default\">New, new, latest!!!<\/h2>\t\t\t\t<\/div>\n\t\t\t\t<\/div>\n\t\t\t\t\t<\/div>\n\t\t\t\t<\/div>\n\t\t<div class=\"elementor-element elementor-element-3e5ac1d3 e-con-full e-flex e-con e-parent\" data-id=\"3e5ac1d3\" data-element_type=\"container\">\n\t\t<div class=\"elementor-element elementor-element-f674497 e-con-full e-flex e-con e-child\" data-id=\"f674497\" data-element_type=\"container\">\n\t\t\t\t<div class=\"elementor-element elementor-element-11d1363 elementor-invisible elementor-widget elementor-widget-heading\" data-id=\"11d1363\" data-element_type=\"widget\" data-settings=\"{&quot;_animation&quot;:&quot;zoomIn&quot;}\" data-widget_type=\"heading.default\">\n\t\t\t\t<div class=\"elementor-widget-container\">\n\t\t\t\t\t<h2 class=\"elementor-heading-title elementor-size-default\">Pinatas     <\/h2>\t\t\t\t<\/div>\n\t\t\t\t<\/div>\n\t\t\t\t<\/div>\n\t\t<div class=\"elementor-element elementor-element-2b4e75d e-con-full e-grid e-con e-child\" data-id=\"2b4e75d\" data-element_type=\"container\">\n\t\t\t\t<div class=\"elementor-element elementor-element-b886e75 elementor-widget elementor-widget-heading\" data-id=\"b886e75\" data-element_type=\"widget\" data-widget_type=\"heading.default\">\n\t\t\t\t<div class=\"elementor-widget-container\">\n\t\t\t\t\t<h2 class=\"elementor-heading-title elementor-size-default\">Original<\/h2>\t\t\t\t<\/div>\n\t\t\t\t<\/div>\n\t\t\t\t<div class=\"elementor-element elementor-element-571192b elementor-widget elementor-widget-heading\" data-id=\"571192b\" data-element_type=\"widget\" data-widget_type=\"heading.default\">\n\t\t\t\t<div class=\"elementor-widget-container\">\n\t\t\t\t\t<h2 class=\"elementor-heading-title elementor-size-default\">Handmade<\/h2>\t\t\t\t<\/div>\n\t\t\t\t<\/div>\n\t\t\t\t<div class=\"elementor-element elementor-element-164760f elementor-widget elementor-widget-heading\" data-id=\"164760f\" data-element_type=\"widget\" data-widget_type=\"heading.default\">\n\t\t\t\t<div class=\"elementor-widget-container\">\n\t\t\t\t\t<h2 class=\"elementor-heading-title elementor-size-default\">For all occasions<\/h2>\t\t\t\t<\/div>\n\t\t\t\t<\/div>\n\t\t\t\t<div class=\"elementor-element elementor-element-da599c3 elementor-widget elementor-widget-text-editor\" data-id=\"da599c3\" data-element_type=\"widget\" data-widget_type=\"text-editor.default\">\n\t\t\t\t<div class=\"elementor-widget-container\">\n\t\t\t\t\t\t\t\t\t<p style=\"text-align: center;\">20-50 \u20ac<\/p>\t\t\t\t\t\t\t\t<\/div>\n\t\t\t\t<\/div>\n\t\t\t\t<\/div>\n\t\t<div class=\"elementor-element elementor-element-b8ced01 e-flex e-con-boxed e-con e-child\" data-id=\"b8ced01\" data-element_type=\"container\">\n\t\t\t\t\t<div class=\"e-con-inner\">\n\t\t\t\t<div class=\"elementor-element elementor-element-278fb95 elementor-widget elementor-widget-button\" data-id=\"278fb95\" data-element_type=\"widget\" data-widget_type=\"button.default\">\n\t\t\t\t<div class=\"elementor-widget-container\">\n\t\t\t\t\t\t\t\t\t<div class=\"elementor-button-wrapper\">\n\t\t\t\t\t<a class=\"elementor-button elementor-button-link elementor-size-sm\" href=\"mailto:ivanina.svastaonica@gmail.com\">\n\t\t\t\t\t\t<span class=\"elementor-button-content-wrapper\">\n\t\t\t\t\t\t\t\t\t<span class=\"elementor-button-text\">Order or inquire \ud83d\ude09<\/span>\n\t\t\t\t\t<\/span>\n\t\t\t\t\t<\/a>\n\t\t\t\t<\/div>\n\t\t\t\t\t\t\t\t<\/div>\n\t\t\t\t<\/div>\n\t\t\t\t\t<\/div>\n\t\t\t\t<\/div>\n\t\t\t\t<\/div>\n\t\t<div class=\"elementor-element elementor-element-7ae90c0 e-con-full e-flex e-con e-parent\" data-id=\"7ae90c0\" data-element_type=\"container\" data-settings=\"{&quot;background_background&quot;:&quot;classic&quot;}\">\n\t\t<div class=\"elementor-element elementor-element-5e3a2dc7 e-con-full e-flex e-con e-child\" data-id=\"5e3a2dc7\" data-element_type=\"container\">\n\t\t\t\t<div class=\"elementor-element elementor-element-139568b3 elementor-widget elementor-widget-image\" data-id=\"139568b3\" data-element_type=\"widget\" data-widget_type=\"image.default\">\n\t\t\t\t<div class=\"elementor-widget-container\">\n\t\t\t\t\t\t\t\t\t\t\t\t\t\t\t<img fetchpriority=\"high\" decoding=\"async\" width=\"768\" height=\"1024\" src=\"https:\/\/ivanina-svastaonica.hr\/wp-content\/uploads\/2024\/09\/Ivanina-svastaonica-moja-hoba-768x1024.jpg\" class=\"attachment-large size-large wp-image-845\" alt=\"\" srcset=\"https:\/\/ivanina-svastaonica.hr\/wp-content\/uploads\/2024\/09\/Ivanina-svastaonica-moja-hoba-768x1024.jpg 768w, https:\/\/ivanina-svastaonica.hr\/wp-content\/uploads\/2024\/09\/Ivanina-svastaonica-moja-hoba-225x300.jpg 225w, https:\/\/ivanina-svastaonica.hr\/wp-content\/uploads\/2024\/09\/Ivanina-svastaonica-moja-hoba-9x12.jpg 9w, https:\/\/ivanina-svastaonica.hr\/wp-content\/uploads\/2024\/09\/Ivanina-svastaonica-moja-hoba.jpg 1080w\" sizes=\"(max-width: 768px) 100vw, 768px\" \/>\t\t\t\t\t\t\t\t\t\t\t\t\t\t\t<\/div>\n\t\t\t\t<\/div>\n\t\t\t\t<\/div>\n\t\t<div class=\"elementor-element elementor-element-1353ca99 e-con-full e-flex e-con e-child\" data-id=\"1353ca99\" data-element_type=\"container\">\n\t\t\t\t<div class=\"elementor-element elementor-element-6ec8338c elementor-widget elementor-widget-heading\" data-id=\"6ec8338c\" data-element_type=\"widget\" data-widget_type=\"heading.default\">\n\t\t\t\t<div class=\"elementor-widget-container\">\n\t\t\t\t\t<h2 class=\"elementor-heading-title elementor-size-default\">My octopus<\/h2>\t\t\t\t<\/div>\n\t\t\t\t<\/div>\n\t\t\t\t<div class=\"elementor-element elementor-element-17759886 elementor-widget elementor-widget-text-editor\" data-id=\"17759886\" data-element_type=\"widget\" data-widget_type=\"text-editor.default\">\n\t\t\t\t<div class=\"elementor-widget-container\">\n\t\t\t\t\t\t\t\t\t<p>as the main attraction in Trogir kala<\/p>\t\t\t\t\t\t\t\t<\/div>\n\t\t\t\t<\/div>\n\t\t\t\t<\/div>\n\t\t\t\t<\/div>\n\t\t<div class=\"elementor-element elementor-element-3463bee3 e-con-full e-flex e-con e-parent\" data-id=\"3463bee3\" data-element_type=\"container\" data-settings=\"{&quot;background_background&quot;:&quot;classic&quot;}\">\n\t\t<div class=\"elementor-element elementor-element-5846ee3a e-con-full e-flex e-con e-child\" data-id=\"5846ee3a\" data-element_type=\"container\">\n\t\t\t\t<div class=\"elementor-element elementor-element-61003bc6 elementor-widget elementor-widget-heading\" data-id=\"61003bc6\" data-element_type=\"widget\" data-widget_type=\"heading.default\">\n\t\t\t\t<div class=\"elementor-widget-container\">\n\t\t\t\t\t<h2 class=\"elementor-heading-title elementor-size-default\">Pi\u00f1ata Smiley<\/h2>\t\t\t\t<\/div>\n\t\t\t\t<\/div>\n\t\t\t\t<div class=\"elementor-element elementor-element-2a48c7de elementor-widget elementor-widget-text-editor\" data-id=\"2a48c7de\" data-element_type=\"widget\" data-widget_type=\"text-editor.default\">\n\t\t\t\t<div class=\"elementor-widget-container\">\n\t\t\t\t\t\t\t\t\t<p>as the main attraction at one of Luka's birthday parties<\/p>\t\t\t\t\t\t\t\t<\/div>\n\t\t\t\t<\/div>\n\t\t\t\t<\/div>\n\t\t<div class=\"elementor-element elementor-element-1a0494b5 e-con-full e-flex e-con e-child\" data-id=\"1a0494b5\" data-element_type=\"container\">\n\t\t\t\t<div class=\"elementor-element elementor-element-4f29b01d elementor-widget elementor-widget-image\" data-id=\"4f29b01d\" data-element_type=\"widget\" data-widget_type=\"image.default\">\n\t\t\t\t<div class=\"elementor-widget-container\">\n\t\t\t\t\t\t\t\t\t\t\t\t\t\t\t<img decoding=\"async\" width=\"1024\" height=\"530\" src=\"https:\/\/ivanina-svastaonica.hr\/wp-content\/uploads\/2024\/09\/Ivanina-svastaonica-Pinjata-Smajlic-1-1024x530.png\" class=\"attachment-large size-large wp-image-837\" alt=\"\" srcset=\"https:\/\/ivanina-svastaonica.hr\/wp-content\/uploads\/2024\/09\/Ivanina-svastaonica-Pinjata-Smajlic-1-1024x530.png 1024w, https:\/\/ivanina-svastaonica.hr\/wp-content\/uploads\/2024\/09\/Ivanina-svastaonica-Pinjata-Smajlic-1-300x155.png 300w, https:\/\/ivanina-svastaonica.hr\/wp-content\/uploads\/2024\/09\/Ivanina-svastaonica-Pinjata-Smajlic-1-768x398.png 768w, https:\/\/ivanina-svastaonica.hr\/wp-content\/uploads\/2024\/09\/Ivanina-svastaonica-Pinjata-Smajlic-1-1536x795.png 1536w, https:\/\/ivanina-svastaonica.hr\/wp-content\/uploads\/2024\/09\/Ivanina-svastaonica-Pinjata-Smajlic-1-2048x1060.png 2048w, https:\/\/ivanina-svastaonica.hr\/wp-content\/uploads\/2024\/09\/Ivanina-svastaonica-Pinjata-Smajlic-1-18x9.png 18w, https:\/\/ivanina-svastaonica.hr\/wp-content\/uploads\/2024\/09\/Ivanina-svastaonica-Pinjata-Smajlic-1-1320x683.png 1320w\" sizes=\"(max-width: 1024px) 100vw, 1024px\" \/>\t\t\t\t\t\t\t\t\t\t\t\t\t\t\t<\/div>\n\t\t\t\t<\/div>\n\t\t\t\t<\/div>\n\t\t\t\t<\/div>\n\t\t<div class=\"elementor-element elementor-element-1ca9d50d e-con-full e-flex e-con e-parent\" data-id=\"1ca9d50d\" data-element_type=\"container\" data-settings=\"{&quot;background_background&quot;:&quot;classic&quot;}\">\n\t\t<div class=\"elementor-element elementor-element-3eb178 e-con-full e-flex e-con e-child\" data-id=\"3eb178\" data-element_type=\"container\">\n\t\t\t\t<div class=\"elementor-element elementor-element-320a2859 elementor-widget elementor-widget-heading\" data-id=\"320a2859\" data-element_type=\"widget\" data-widget_type=\"heading.default\">\n\t\t\t\t<div class=\"elementor-widget-container\">\n\t\t\t\t\t<h2 class=\"elementor-heading-title elementor-size-default\">TV from Friends<\/h2>\t\t\t\t<\/div>\n\t\t\t\t<\/div>\n\t\t\t\t<div class=\"elementor-element elementor-element-1512e93c elementor-widget elementor-widget-text-editor\" data-id=\"1512e93c\" data-element_type=\"widget\" data-widget_type=\"text-editor.default\">\n\t\t\t\t<div class=\"elementor-widget-container\">\n\t\t\t\t\t\t\t\t\t<p>The topic of one of Ana's birthday party was Friends, so the logical choice was a pi\u00f1ata TV with Friends on the screen<\/p>\t\t\t\t\t\t\t\t<\/div>\n\t\t\t\t<\/div>\n\t\t\t\t<\/div>\n\t\t<div class=\"elementor-element elementor-element-790f358d e-con-full e-flex e-con e-child\" data-id=\"790f358d\" data-element_type=\"container\">\n\t\t\t\t<div class=\"elementor-element elementor-element-53732146 elementor-widget elementor-widget-image\" data-id=\"53732146\" data-element_type=\"widget\" data-widget_type=\"image.default\">\n\t\t\t\t<div class=\"elementor-widget-container\">\n\t\t\t\t\t\t\t\t\t\t\t\t\t\t\t<img decoding=\"async\" width=\"1024\" height=\"759\" src=\"https:\/\/ivanina-svastaonica.hr\/wp-content\/uploads\/2024\/09\/Ivanina-svastaonica-Pinjata-TV-iz-Friendsa-1024x759.png\" class=\"attachment-large size-large wp-image-836\" alt=\"\" srcset=\"https:\/\/ivanina-svastaonica.hr\/wp-content\/uploads\/2024\/09\/Ivanina-svastaonica-Pinjata-TV-iz-Friendsa-1024x759.png 1024w, https:\/\/ivanina-svastaonica.hr\/wp-content\/uploads\/2024\/09\/Ivanina-svastaonica-Pinjata-TV-iz-Friendsa-300x222.png 300w, https:\/\/ivanina-svastaonica.hr\/wp-content\/uploads\/2024\/09\/Ivanina-svastaonica-Pinjata-TV-iz-Friendsa-768x569.png 768w, https:\/\/ivanina-svastaonica.hr\/wp-content\/uploads\/2024\/09\/Ivanina-svastaonica-Pinjata-TV-iz-Friendsa-16x12.png 16w, https:\/\/ivanina-svastaonica.hr\/wp-content\/uploads\/2024\/09\/Ivanina-svastaonica-Pinjata-TV-iz-Friendsa-1320x978.png 1320w, https:\/\/ivanina-svastaonica.hr\/wp-content\/uploads\/2024\/09\/Ivanina-svastaonica-Pinjata-TV-iz-Friendsa.png 1457w\" sizes=\"(max-width: 1024px) 100vw, 1024px\" \/>\t\t\t\t\t\t\t\t\t\t\t\t\t\t\t<\/div>\n\t\t\t\t<\/div>\n\t\t\t\t<\/div>\n\t\t\t\t<\/div>\n\t\t<div class=\"elementor-element elementor-element-26711b0 e-con-full e-flex e-con e-parent\" data-id=\"26711b0\" data-element_type=\"container\" data-settings=\"{&quot;background_background&quot;:&quot;classic&quot;}\">\n\t\t<div class=\"elementor-element elementor-element-4c95985b e-con-full e-flex e-con e-child\" data-id=\"4c95985b\" data-element_type=\"container\">\n\t\t\t\t<div class=\"elementor-element elementor-element-5ddcf36a elementor-widget elementor-widget-heading\" data-id=\"5ddcf36a\" data-element_type=\"widget\" data-widget_type=\"heading.default\">\n\t\t\t\t<div class=\"elementor-widget-container\">\n\t\t\t\t\t<h2 class=\"elementor-heading-title elementor-size-default\">Pi\u00f1ata Snowman<\/h2>\t\t\t\t<\/div>\n\t\t\t\t<\/div>\n\t\t\t\t<div class=\"elementor-element elementor-element-5818e1ca elementor-widget elementor-widget-text-editor\" data-id=\"5818e1ca\" data-element_type=\"widget\" data-widget_type=\"text-editor.default\">\n\t\t\t\t<div class=\"elementor-widget-container\">\n\t\t\t\t\t\t\t\t\t<p>One of Luka's birthday pinatas (I don't have a photo of Yoda :(&amp;)<\/p>\t\t\t\t\t\t\t\t<\/div>\n\t\t\t\t<\/div>\n\t\t\t\t<\/div>\n\t\t<div class=\"elementor-element elementor-element-1dafbb38 e-con-full e-flex e-con e-child\" data-id=\"1dafbb38\" data-element_type=\"container\">\n\t\t\t\t<div class=\"elementor-element elementor-element-63ee3ca3 elementor-widget elementor-widget-image\" data-id=\"63ee3ca3\" data-element_type=\"widget\" data-widget_type=\"image.default\">\n\t\t\t\t<div class=\"elementor-widget-container\">\n\t\t\t\t\t\t\t\t\t\t\t\t\t\t\t<img loading=\"lazy\" decoding=\"async\" width=\"576\" height=\"1024\" src=\"https:\/\/ivanina-svastaonica.hr\/wp-content\/uploads\/2024\/09\/Pinjata-Snjegovic11-576x1024.jpg\" class=\"attachment-large size-large wp-image-855\" alt=\"\" srcset=\"https:\/\/ivanina-svastaonica.hr\/wp-content\/uploads\/2024\/09\/Pinjata-Snjegovic11-576x1024.jpg 576w, https:\/\/ivanina-svastaonica.hr\/wp-content\/uploads\/2024\/09\/Pinjata-Snjegovic11-169x300.jpg 169w, https:\/\/ivanina-svastaonica.hr\/wp-content\/uploads\/2024\/09\/Pinjata-Snjegovic11-768x1365.jpg 768w, https:\/\/ivanina-svastaonica.hr\/wp-content\/uploads\/2024\/09\/Pinjata-Snjegovic11-864x1536.jpg 864w, https:\/\/ivanina-svastaonica.hr\/wp-content\/uploads\/2024\/09\/Pinjata-Snjegovic11-7x12.jpg 7w, https:\/\/ivanina-svastaonica.hr\/wp-content\/uploads\/2024\/09\/Pinjata-Snjegovic11.jpg 1080w\" sizes=\"(max-width: 576px) 100vw, 576px\" \/>\t\t\t\t\t\t\t\t\t\t\t\t\t\t\t<\/div>\n\t\t\t\t<\/div>\n\t\t\t\t<\/div>\n\t\t\t\t<\/div>\n\t\t<div class=\"elementor-element elementor-element-5b8df43 e-con-full e-flex e-con e-parent\" data-id=\"5b8df43\" data-element_type=\"container\" data-settings=\"{&quot;background_background&quot;:&quot;classic&quot;}\">\n\t\t<div class=\"elementor-element elementor-element-ac561ee e-con-full e-flex e-con e-child\" data-id=\"ac561ee\" data-element_type=\"container\">\n\t\t\t\t<div class=\"elementor-element elementor-element-b068018 elementor-widget elementor-widget-heading\" data-id=\"b068018\" data-element_type=\"widget\" data-widget_type=\"heading.default\">\n\t\t\t\t<div class=\"elementor-widget-container\">\n\t\t\t\t\t<h2 class=\"elementor-heading-title elementor-size-default\">Pi\u00f1ata Sun<\/h2>\t\t\t\t<\/div>\n\t\t\t\t<\/div>\n\t\t\t\t<div class=\"elementor-element elementor-element-86a32ab elementor-widget elementor-widget-text-editor\" data-id=\"86a32ab\" data-element_type=\"widget\" data-widget_type=\"text-editor.default\">\n\t\t\t\t<div class=\"elementor-widget-container\">\n\t\t\t\t\t\t\t\t\t<p>as a surprise for one little girl<\/p>\t\t\t\t\t\t\t\t<\/div>\n\t\t\t\t<\/div>\n\t\t\t\t<\/div>\n\t\t<div class=\"elementor-element elementor-element-15ce961 e-con-full e-flex e-con e-child\" data-id=\"15ce961\" data-element_type=\"container\">\n\t\t\t\t<div class=\"elementor-element elementor-element-27017b5 elementor-widget elementor-widget-image\" data-id=\"27017b5\" data-element_type=\"widget\" data-widget_type=\"image.default\">\n\t\t\t\t<div class=\"elementor-widget-container\">\n\t\t\t\t\t\t\t\t\t\t\t\t\t\t\t<img loading=\"lazy\" decoding=\"async\" width=\"1024\" height=\"768\" src=\"https:\/\/ivanina-svastaonica.hr\/wp-content\/uploads\/2024\/09\/Ivanina-svastaonica-Pinjata-Sunce-1024x768.jpg\" class=\"attachment-large size-large wp-image-835\" alt=\"\" srcset=\"https:\/\/ivanina-svastaonica.hr\/wp-content\/uploads\/2024\/09\/Ivanina-svastaonica-Pinjata-Sunce-1024x768.jpg 1024w, https:\/\/ivanina-svastaonica.hr\/wp-content\/uploads\/2024\/09\/Ivanina-svastaonica-Pinjata-Sunce-300x225.jpg 300w, https:\/\/ivanina-svastaonica.hr\/wp-content\/uploads\/2024\/09\/Ivanina-svastaonica-Pinjata-Sunce-768x576.jpg 768w, https:\/\/ivanina-svastaonica.hr\/wp-content\/uploads\/2024\/09\/Ivanina-svastaonica-Pinjata-Sunce-16x12.jpg 16w, https:\/\/ivanina-svastaonica.hr\/wp-content\/uploads\/2024\/09\/Ivanina-svastaonica-Pinjata-Sunce-1320x990.jpg 1320w, https:\/\/ivanina-svastaonica.hr\/wp-content\/uploads\/2024\/09\/Ivanina-svastaonica-Pinjata-Sunce.jpg 1440w\" sizes=\"(max-width: 1024px) 100vw, 1024px\" \/>\t\t\t\t\t\t\t\t\t\t\t\t\t\t\t<\/div>\n\t\t\t\t<\/div>\n\t\t\t\t<\/div>\n\t\t\t\t<\/div>\n\t\t\t\t<\/div>","protected":false},"excerpt":{"rendered":"<p>Novo, novo, najnovije!!! Pinjate Originalne Handmade Za sve prigode 20-50 \u20ac Naru\u010di ili se raspitaj \ud83d\ude09 Moja hoba kao glavna atrakcija u trogirskoj kali Pinjata Smajli\u0107 kao glavna atrakcija na jednom Lukinom ro\u0111endanu TV iz serije Prijatelji Tema jednog Aninog ra\u0111endana su bili Prijatelji, pa je logi\u010dan odabir bila pinjata TV sa Prijateljima na ekranu [&hellip;]<\/p>","protected":false},"author":1,"featured_media":833,"parent":0,"menu_order":0,"comment_status":"closed","ping_status":"closed","template":"","meta":{"content-type":"","om_disable_all_campaigns":false,"_monsterinsights_skip_tracking":false,"_monsterinsights_sitenote_active":false,"_monsterinsights_sitenote_note":"","_monsterinsights_sitenote_category":0,"site-sidebar-layout":"default","site-content-layout":"","ast-site-content-layout":"default","site-content-style":"default","site-sidebar-style":"default","ast-global-header-display":"","ast-banner-title-visibility":"","ast-main-header-display":"","ast-hfb-above-header-display":"","ast-hfb-below-header-display":"","ast-hfb-mobile-header-display":"","site-post-title":"","ast-breadcrumbs-content":"","ast-featured-img":"","footer-sml-layout":"","theme-transparent-header-meta":"","adv-header-id-meta":"","stick-header-meta":"","header-above-stick-meta":"","header-main-stick-meta":"","header-below-stick-meta":"","astra-migrate-meta-layouts":"set","ast-page-background-enabled":"default","ast-page-background-meta":{"desktop":{"background-color":"var(--ast-global-color-4)","background-image":"","background-repeat":"repeat","background-position":"center center","background-size":"auto","background-attachment":"scroll","background-type":"","background-media":"","overlay-type":"","overlay-color":"","overlay-opacity":"","overlay-gradient":""},"tablet":{"background-color":"","background-image":"","background-repeat":"repeat","background-position":"center center","background-size":"auto","background-attachment":"scroll","background-type":"","background-media":"","overlay-type":"","overlay-color":"","overlay-opacity":"","overlay-gradient":""},"mobile":{"background-color":"","background-image":"","background-repeat":"repeat","background-position":"center center","background-size":"auto","background-attachment":"scroll","background-type":"","background-media":"","overlay-type":"","overlay-color":"","overlay-opacity":"","overlay-gradient":""}},"ast-content-background-meta":{"desktop":{"background-color":"var(--ast-global-color-5)","background-image":"","background-repeat":"repeat","background-position":"center center","background-size":"auto","background-attachment":"scroll","background-type":"","background-media":"","overlay-type":"","overlay-color":"","overlay-opacity":"","overlay-gradient":""},"tablet":{"background-color":"var(--ast-global-color-5)","background-image":"","background-repeat":"repeat","background-position":"center center","background-size":"auto","background-attachment":"scroll","background-type":"","background-media":"","overlay-type":"","overlay-color":"","overlay-opacity":"","overlay-gradient":""},"mobile":{"background-color":"var(--ast-global-color-5)","background-image":"","background-repeat":"repeat","background-position":"center center","background-size":"auto","background-attachment":"scroll","background-type":"","background-media":"","overlay-type":"","overlay-color":"","overlay-opacity":"","overlay-gradient":""}},"footnotes":""},"class_list":["post-831","page","type-page","status-publish","has-post-thumbnail","hentry"],"_links":{"self":[{"href":"https:\/\/ivanina-svastaonica.hr\/en\/wp-json\/wp\/v2\/pages\/831","targetHints":{"allow":["GET"]}}],"collection":[{"href":"https:\/\/ivanina-svastaonica.hr\/en\/wp-json\/wp\/v2\/pages"}],"about":[{"href":"https:\/\/ivanina-svastaonica.hr\/en\/wp-json\/wp\/v2\/types\/page"}],"author":[{"embeddable":true,"href":"https:\/\/ivanina-svastaonica.hr\/en\/wp-json\/wp\/v2\/users\/1"}],"replies":[{"embeddable":true,"href":"https:\/\/ivanina-svastaonica.hr\/en\/wp-json\/wp\/v2\/comments?post=831"}],"version-history":[{"count":54,"href":"https:\/\/ivanina-svastaonica.hr\/en\/wp-json\/wp\/v2\/pages\/831\/revisions"}],"predecessor-version":[{"id":901,"href":"https:\/\/ivanina-svastaonica.hr\/en\/wp-json\/wp\/v2\/pages\/831\/revisions\/901"}],"wp:featuredmedia":[{"embeddable":true,"href":"https:\/\/ivanina-svastaonica.hr\/en\/wp-json\/wp\/v2\/media\/833"}],"wp:attachment":[{"href":"https:\/\/ivanina-svastaonica.hr\/en\/wp-json\/wp\/v2\/media?parent=831"}],"curies":[{"name":"wp","href":"https:\/\/api.w.org\/{rel}","templated":true}]}}